{"id":116,"date":"2019-11-27T16:36:48","date_gmt":"2019-11-27T07:36:48","guid":{"rendered":"https:\/\/t2.iscw.jp\/toudai_wp\/?page_id=113"},"modified":"2019-11-27T16:36:48","modified_gmt":"2019-11-27T07:36:48","slug":"setsubi","status":"publish","type":"page","link":"https:\/\/shisaku.iis.u-tokyo.ac.jp\/en\/intro\/setsubi\/","title":{"rendered":"Equipment introduction"},"content":{"rendered":"<section class=\"introduction\">\n<div class=\"topBg01 upperBg\">\n<h2 class=\"top_ttl\">Introduction<\/h2>\n<\/div>\n<div class=\"inr\">\n<h3 class=\"ttlDesign4\">Equipment introduction<\/h3>\n<h4 class=\"ttlDesign5\">CNC machine tool group<\/h4>\n<ul class=\"slick-box\">\n<li class=\"slide\"><img decoding=\"async\" loading=\"lazy\" src=\"..\/..\/..\/images\/img_seibi_01.jpg\" width=\"100%\" height=\"auto\" alt=\"\"><br \/>\n[Turning center (simultaneous 5 axes)]<\/p>\n<p>Swing: \u03c6530mm, processing length: 854mm<\/p>\n<p>* With 2nd spindle&#8221;\n<\/li>\n<li class=\"slide\"><img decoding=\"async\" loading=\"lazy\" src=\"..\/..\/..\/images\/img_seibi_02.jpg\" width=\"100%\" height=\"auto\" alt=\"\"><br \/>\n[Turning Center (simultaneous 5 axes)]<\/p>\n<p>Swing: \u03c6658mm, processing length: 1,011mm\n<\/li>\n<li class=\"slide\"><img decoding=\"async\" loading=\"lazy\" src=\"..\/..\/..\/images\/img_seibi_03.jpg\" width=\"100%\" height=\"auto\" alt=\"\"><br \/>\n[Turning Center (simultaneous 4 axes)]<br \/>\nSwing: \u03c6470mm, processing length: 503mm\n<\/li>\n<li class=\"slide\"><img decoding=\"async\" loading=\"lazy\" src=\"..\/..\/..\/images\/img_seibi_04.jpg\" width=\"100%\" height=\"auto\" alt=\"\"><br \/>\n[Turning Center (simultaneous 4 axes)]<br \/>\nSwing: \u03c6610mm, processing length: 1,048mm\n<\/li>\n<li class=\"slide\"><img decoding=\"async\" loading=\"lazy\" src=\"..\/..\/..\/images\/img_seibi_05.jpg\" width=\"100%\" height=\"auto\" alt=\"\"><br \/>\n[Turret type NC lathe]<br \/>\nSwing: \u03c6300mm, processing length: 500mm\n<\/li>\n<li class=\"slide\"><img decoding=\"async\" loading=\"lazy\" src=\"..\/..\/..\/images\/img_seibi_06.jpg\" width=\"100%\" height=\"auto\" alt=\"\"><br \/>\n[3 machining center (axes)]<br \/>\nquantity of axis movement: 1,050*530*510 (X X Y X Z)<\/p>\n<\/li>\n<li class=\"slide\"><img decoding=\"async\" loading=\"lazy\" src=\"..\/..\/..\/images\/img_seibi_07.jpg\" width=\"100%\" height=\"auto\" alt=\"\"><br \/>\n[5-sided machining center]<br \/>\nAxis travel: 2,100 \u00d7 1,450 \u00d7 600 (X \u00d7 Y \u00d7 Z)\n<\/li>\n<li class=\"slide\"><img decoding=\"async\" loading=\"lazy\" src=\"..\/..\/..\/images\/img_seibi_08.jpg\" width=\"100%\" height=\"auto\" alt=\"\"><br \/>\n[5-axis machine]<br \/>\nAxis travel: 510 x 510 x 460 (X x Y x Z)\n<\/li>\n<li class=\"slide\"><img decoding=\"async\" loading=\"lazy\" src=\"..\/..\/..\/images\/img_seibi_09.jpg\" width=\"100%\" height=\"auto\" alt=\"\"><br \/>\n[NC milling machine]<br \/>\nAxis travel: 550 x 320 x 350 (X x Y x Z)\n<\/li>\n<li class=\"slide\"><img decoding=\"async\" loading=\"lazy\" src=\"..\/..\/..\/images\/img_seibi_10.jpg\" width=\"100%\" height=\"auto\" alt=\"\"><br \/>\n[Wire EDM]<br \/>\nAxis travel: 320 x 220 x 116 (X x Y x Z)\n<\/li>\n<li class=\"slide\"><img decoding=\"async\" loading=\"lazy\" src=\"..\/..\/..\/images\/img_seibi_11.jpg\" width=\"100%\" height=\"auto\" alt=\"\"><br \/>\n[Wire electrical discharge machine]<br \/>\nAxis movement amount: 370x270x255 (XxYxZ)<\/p>\n<\/li>\n<li class=\"slide\"><img decoding=\"async\" loading=\"lazy\" src=\"..\/..\/..\/images\/img_seibi_12.jpg\" width=\"100%\" height=\"auto\" alt=\"\"><br \/>\n[Die-sinking EDM]<br \/>\nAxis travel: 300 x 250 x 250 (X x Y x Z)\n<\/li>\n<li class=\"slide\"><img decoding=\"async\" loading=\"lazy\" src=\"..\/..\/..\/images\/img_seibi_13.jpg\" width=\"100%\" height=\"auto\" alt=\"\"><br \/>\n[Surface grinding machine]<br \/>\nAxis travel: 750 x 440 x 320 (X x Y x Z)\n<\/li>\n<\/ul>\n<h4 class=\"ttlDesign5 mT2em\">General-purpose machine tool group<br \/>\n<\/h4>\n<ul class=\"slick-box\">\n<li class=\"slide\"><img decoding=\"async\" loading=\"lazy\" src=\"..\/..\/..\/images\/img_seibi_201.jpg\" width=\"100%\" height=\"auto\" alt=\"\"><br \/>\n[Precision lathe]<br \/>\nSwing: \u03c6280mm, processing length: 500mm\n<\/li>\n<li class=\"slide\"><img decoding=\"async\" loading=\"lazy\" src=\"..\/..\/..\/images\/img_seibi_202.jpg\" width=\"100%\" height=\"auto\" alt=\"\"><br \/>\n[Normal lathe]<br \/> 6 units in total<br \/>\n1 example) Swing: \u03c6400mm, processing length: 900mm\n<\/li>\n<li class=\"slide\"><img decoding=\"async\" loading=\"lazy\" src=\"..\/..\/..\/images\/img_seibi_203.jpg\" width=\"100%\" height=\"auto\" alt=\"\"><br \/>\n[Vertical milling machine]<br \/> 5 units in total<br \/>\nExample) Axis travel: 820 x 300 x 450 (X x Y x Z)\n<\/li>\n<\/ul>\n<h4 class=\"ttlDesign5 mT2em\">Material cutting equipment group<\/h4>\n<ul class=\"slick-box\">\n<li class=\"slide\"><img decoding=\"async\" loading=\"lazy\" src=\"..\/..\/..\/images\/img_seibi_301.jpg\" width=\"100%\" height=\"auto\" alt=\"\"><br \/>\n[Hydraulic shearing]<br \/>\nCutting ability: t3, cutting length 2,000mm\n<\/li>\n<li class=\"slide\"><img decoding=\"async\" loading=\"lazy\" src=\"..\/..\/..\/images\/img_seibi_302.jpg\" width=\"100%\" height=\"auto\" alt=\"\"><br \/>\n[Horizontal band saw]<br \/>\nCutting ability: \u03c6250\u339c\n<\/li>\n<li class=\"slide\"><img decoding=\"async\" loading=\"lazy\" src=\"..\/..\/..\/images\/img_seibi_303.jpg\" width=\"100%\" height=\"auto\" alt=\"\"><br \/>\n[Vertical band saw]<br \/>\nCutting ability: 350mm height\n<\/li>\n<\/ul>\n<p class=\"mB2em\">\nIn addition, a large number of drilling machines are installed.\n<\/p>\n<h4 class=\"ttlDesign5 mT2em\">Glass machine tools<\/h4>\n<ul class=\"slick-box\">\n<li class=\"slide\"><img decoding=\"async\" loading=\"lazy\" src=\"..\/..\/..\/images\/img_seibi_401.jpg\" width=\"100%\" height=\"auto\" alt=\"\"><br \/>\n[Glass lathe 1]<br \/>\nProcessing diameter: 50mm\n<\/li>\n<li class=\"slide\"><img decoding=\"async\" loading=\"lazy\" src=\"..\/..\/..\/images\/img_seibi_402.jpg\" width=\"100%\" height=\"auto\" alt=\"\"><br \/>\n[Glass lathe 2]<br \/>\nProcessing diameter: 200mm\n<\/li>\n<li class=\"slide\"><img decoding=\"async\" loading=\"lazy\" src=\"..\/..\/..\/images\/img_seibi_403.jpg\" width=\"100%\" height=\"auto\" alt=\"\"><br \/>\n[Vacuum exhaust system]<br \/>\nUltimate vacuum: 10-5Pa<br \/>\nSpecial specification: Powder sealing device\n<\/li>\n<li class=\"slide\"><img decoding=\"async\" loading=\"lazy\" src=\"..\/..\/..\/images\/img_seibi_404.jpg\" width=\"100%\" height=\"auto\" alt=\"\">\n<\/li>\n<li class=\"slide\"><img decoding=\"async\" loading=\"lazy\" src=\"..\/..\/..\/images\/img_seibi_405.jpg\" width=\"100%\" height=\"auto\" alt=\"\"><br \/>\n[Electric furnace]<br \/>\nAchieving temperature: 600 \u2103\n<\/li>\n<\/ul>\n<p class=\"mB2em\">Many diamond saws are also installed.<\/p>\n<h4 class=\"ttlDesign5 mT2em\">Woodworking equipment<\/h4>\n<ul class=\"slick-box\">\n<li class=\"slide\"><img decoding=\"async\" loading=\"lazy\" src=\"..\/..\/..\/images\/img_seibi_501.jpg\" width=\"100%\" height=\"auto\" alt=\"\"><br \/>\n[Inclined horizontal cutting machine]<br \/>\nTable slide amount: 1,740mm<br \/>\nTilt angle: 45 \u00b0 left<br \/>\nCircular saw diameter: \u03c6405mm\n<\/li>\n<\/ul>\n<p class=\"mB2em\">In addition, a planer version is installed.<\/p>\n<\/div>\n<\/section>\n","protected":false},"excerpt":{"rendered":"<p>Introduction Equipment introduction CNC machine tool group [Turning center (simultaneous 5 axes)] Swing: \u03c6530mm, processing length: 854mm * With 2nd spindle&#8221; [Turning Center (simultaneous 5 axes)] Swing: \u03c6658mm, processing length: 1,011mm [Turning Center (simultaneous 4 axes)] Swing: \u03c6470mm, processing length: 503mm [Turning Center (simultaneous 4 axes)] Swing: \u03c6610mm, processing length: 1,048mm [Turret type NC lathe] [&hellip;]<\/p>\n","protected":false},"author":1,"featured_media":0,"parent":115,"menu_order":0,"comment_status":"closed","ping_status":"closed","template":"page-slider.php","meta":{"_locale":"en_US","_original_post":"32"},"_links":{"self":[{"href":"https:\/\/shisaku.iis.u-tokyo.ac.jp\/wp-json\/wp\/v2\/pages\/116"}],"collection":[{"href":"https:\/\/shisaku.iis.u-tokyo.ac.jp\/wp-json\/wp\/v2\/pages"}],"about":[{"href":"https:\/\/shisaku.iis.u-tokyo.ac.jp\/wp-json\/wp\/v2\/types\/page"}],"author":[{"embeddable":true,"href":"https:\/\/shisaku.iis.u-tokyo.ac.jp\/wp-json\/wp\/v2\/users\/1"}],"replies":[{"embeddable":true,"href":"https:\/\/shisaku.iis.u-tokyo.ac.jp\/wp-json\/wp\/v2\/comments?post=116"}],"version-history":[{"count":0,"href":"https:\/\/shisaku.iis.u-tokyo.ac.jp\/wp-json\/wp\/v2\/pages\/116\/revisions"}],"up":[{"embeddable":true,"href":"https:\/\/shisaku.iis.u-tokyo.ac.jp\/wp-json\/wp\/v2\/pages\/115"}],"wp:attachment":[{"href":"https:\/\/shisaku.iis.u-tokyo.ac.jp\/wp-json\/wp\/v2\/media?parent=116"}],"curies":[{"name":"wp","href":"https:\/\/api.w.org\/{rel}","templated":true}]}}